{"id":59,"date":"2013-08-07T13:08:00","date_gmt":"2013-08-07T10:08:00","guid":{"rendered":"http:\/\/doctor.madza-wordpress-premium-themes.com\/?page_id=59"},"modified":"2016-03-27T19:22:21","modified_gmt":"2016-03-27T16:22:21","slug":"iletisim","status":"publish","type":"page","link":"https:\/\/eyupguzeltepeasm.com\/?page_id=59","title":{"rendered":"\u0130leti\u015fim"},"content":{"rendered":"<p>[vc_row el_position=&#8221;first last&#8221;][vc_column width=&#8221;1\/2&#8243;][vc_column_text]<\/p>\n<h2>\u0130leti\u015fim Formu<\/h2>\n<p>[\/vc_column_text]<div role=\"form\" class=\"wpcf7\" id=\"wpcf7-f5-o1\" lang=\"tr-TR\" dir=\"ltr\">\n<div class=\"screen-reader-response\"><\/div>\n<form action=\"\/index.php?rest_route=%2Fwp%2Fv2%2Fpages%2F59#wpcf7-f5-o1\" method=\"post\" class=\"wpcf7-form\" novalidate=\"novalidate\">\n<div style=\"display: none;\">\n<input type=\"hidden\" name=\"_wpcf7\" value=\"5\" \/>\n<input type=\"hidden\" name=\"_wpcf7_version\" value=\"4.9.2\" \/>\n<input type=\"hidden\" name=\"_wpcf7_locale\" value=\"tr_TR\" \/>\n<input type=\"hidden\" name=\"_wpcf7_unit_tag\" value=\"wpcf7-f5-o1\" \/>\n<input type=\"hidden\" name=\"_wpcf7_container_post\" value=\"0\" \/>\n<\/div>\n<p>Ad\u0131n\u0131z (gerekli)<br \/>\n    <span class=\"wpcf7-form-control-wrap your-name\"><input type=\"text\" name=\"your-name\" value=\"\" size=\"40\" class=\"wpcf7-form-control wpcf7-text wpcf7-validates-as-required\" aria-required=\"true\" aria-invalid=\"false\" \/><\/span> <\/p>\n<p>Epostan\u0131z (gerekli)<br \/>\n    <span class=\"wpcf7-form-control-wrap your-email\"><input type=\"email\" name=\"your-email\" value=\"\" size=\"40\" class=\"wpcf7-form-control wpcf7-text wpcf7-email wpcf7-validates-as-required wpcf7-validates-as-email\" aria-required=\"true\" aria-invalid=\"false\" \/><\/span> <\/p>\n<p>Konu<br \/>\n    <span class=\"wpcf7-form-control-wrap your-subject\"><input type=\"text\" name=\"your-subject\" value=\"\" size=\"40\" class=\"wpcf7-form-control wpcf7-text\" aria-invalid=\"false\" \/><\/span> <\/p>\n<p>Mesaj\u0131n\u0131z<br \/>\n    <span class=\"wpcf7-form-control-wrap your-message\"><textarea name=\"your-message\" cols=\"40\" rows=\"10\" class=\"wpcf7-form-control wpcf7-textarea\" aria-invalid=\"false\"><\/textarea><\/span> <\/p>\n<p><input type=\"submit\" value=\"G\u00f6nder\" class=\"wpcf7-form-control wpcf7-submit\" \/><\/p>\n<p style=\"display: none !important;\"><label>&#916;<textarea name=\"_wpcf7_ak_hp_textarea\" cols=\"45\" rows=\"8\" maxlength=\"100\"><\/textarea><\/label><input type=\"hidden\" id=\"ak_js_1\" name=\"_wpcf7_ak_js\" value=\"69\"\/><script>document.getElementById( \"ak_js_1\" ).setAttribute( \"value\", ( new Date() ).getTime() );<\/script><\/p><div class=\"wpcf7-response-output wpcf7-display-none\"><\/div><\/form><\/div>[\/vc_column][vc_column width=&#8221;1\/2&#8243;][vc_column_text el_position=&#8221;first&#8221;]<\/p>\n<h2>Adres :<\/h2>\n<p>G\u00fczeltepe Mahallesi , Ard\u0131\u00e7 Sokak , No:98 Ey\u00fcp \/ \u0130stanbul<\/p>\n<p><strong>Telefon:<\/strong><\/p>\n<p>+90 (212) 626 54 58[\/vc_column_text][vc_gmaps link=&#8221;#E-8_aHR0cCUzQSUyRiUyRm1hcHMuZ29vZ2xlLmx2JTJGJTNGbGwlM0Q0MS4wNzgzMTk5JTJDMjguOTU2OTU4NiUyQzE4eiUyNnNwbiUzRDAuMDg1NjA3JTJDMC4yNjMxNTclMjZ0JTNEbSUyNnolM0QxMw==&#8221; size=&#8221;250&#8243; type=&#8221;m&#8221; zoom=&#8221;12&#8243; el_position=&#8221;last&#8221;][\/vc_column][\/vc_row]<\/p>\n","protected":false},"excerpt":{"rendered":"<p>[vc_row el_position=&#8221;first last&#8221;][vc_column width=&#8221;1\/2&#8243;][vc_column_text] \u0130leti\u015fim Formu [\/vc_column_text][\/vc_column][vc_column width=&#8221;1\/2&#8243;][vc_column_text el_position=&#8221;first&#8221;] Adres : G\u00fczeltepe Mahallesi , Ard\u0131\u00e7 Sokak , No:98 Ey\u00fcp \/ \u0130stanbul Telefon: +90 (212) 626 54 58[\/vc_column_text][vc_gmaps link=&#8221;#E-8_aHR0cCUzQSUyRiUyRm1hcHMuZ29vZ2xlLmx2JTJGJTNGbGwlM0Q0MS4wNzgzMTk5JTJDMjguOTU2OTU4NiUyQzE4eiUyNnNwbiUzRDAuMDg1NjA3JTJDMC4yNjMxNTclMjZ0JTNEbSUyNnolM0QxMw==&#8221; size=&#8221;250&#8243; type=&#8221;m&#8221; zoom=&#8221;12&#8243; el_position=&#8221;last&#8221;][\/vc_column][\/vc_row]<\/p>\n","protected":false},"author":1,"featured_media":0,"parent":0,"menu_order":0,"comment_status":"open","ping_status":"closed","template":"","meta":[],"_links":{"self":[{"href":"https:\/\/eyupguzeltepeasm.com\/index.php?rest_route=\/wp\/v2\/pages\/59"}],"collection":[{"href":"https:\/\/eyupguzeltepeasm.com\/index.php?rest_route=\/wp\/v2\/pages"}],"about":[{"href":"https:\/\/eyupguzeltepeasm.com\/index.php?rest_route=\/wp\/v2\/types\/page"}],"author":[{"embeddable":true,"href":"https:\/\/eyupguzeltepeasm.com\/index.php?rest_route=\/wp\/v2\/users\/1"}],"replies":[{"embeddable":true,"href":"https:\/\/eyupguzeltepeasm.com\/index.php?rest_route=%2Fwp%2Fv2%2Fcomments&post=59"}],"version-history":[{"count":7,"href":"https:\/\/eyupguzeltepeasm.com\/index.php?rest_route=\/wp\/v2\/pages\/59\/revisions"}],"predecessor-version":[{"id":2617,"href":"https:\/\/eyupguzeltepeasm.com\/index.php?rest_route=\/wp\/v2\/pages\/59\/revisions\/2617"}],"wp:attachment":[{"href":"https:\/\/eyupguzeltepeasm.com\/index.php?rest_route=%2Fwp%2Fv2%2Fmedia&parent=59"}],"curies":[{"name":"wp","href":"https:\/\/api.w.org\/{rel}","templated":true}]}}