{"id":2613,"date":"2016-03-27T18:53:56","date_gmt":"2016-03-27T15:53:56","guid":{"rendered":"http:\/\/eyupguzeltepeasm.com\/?page_id=2613"},"modified":"2016-03-27T18:53:56","modified_gmt":"2016-03-27T15:53:56","slug":"hastalarimiz-icin","status":"publish","type":"page","link":"https:\/\/eyupguzeltepeasm.com\/?page_id=2613","title":{"rendered":"Hastalar\u0131m\u0131z \u0130\u00e7in"},"content":{"rendered":"","protected":false},"excerpt":{"rendered":"","protected":false},"author":1,"featured_media":0,"parent":0,"menu_order":0,"comment_status":"closed","ping_status":"closed","template":"","meta":[],"_links":{"self":[{"href":"https:\/\/eyupguzeltepeasm.com\/index.php?rest_route=\/wp\/v2\/pages\/2613"}],"collection":[{"href":"https:\/\/eyupguzeltepeasm.com\/index.php?rest_route=\/wp\/v2\/pages"}],"about":[{"href":"https:\/\/eyupguzeltepeasm.com\/index.php?rest_route=\/wp\/v2\/types\/page"}],"author":[{"embeddable":true,"href":"https:\/\/eyupguzeltepeasm.com\/index.php?rest_route=\/wp\/v2\/users\/1"}],"replies":[{"embeddable":true,"href":"https:\/\/eyupguzeltepeasm.com\/index.php?rest_route=%2Fwp%2Fv2%2Fcomments&post=2613"}],"version-history":[{"count":1,"href":"https:\/\/eyupguzeltepeasm.com\/index.php?rest_route=\/wp\/v2\/pages\/2613\/revisions"}],"predecessor-version":[{"id":2614,"href":"https:\/\/eyupguzeltepeasm.com\/index.php?rest_route=\/wp\/v2\/pages\/2613\/revisions\/2614"}],"wp:attachment":[{"href":"https:\/\/eyupguzeltepeasm.com\/index.php?rest_route=%2Fwp%2Fv2%2Fmedia&parent=2613"}],"curies":[{"name":"wp","href":"https:\/\/api.w.org\/{rel}","templated":true}]}}